{"id":6,"date":"2023-01-16T15:45:34","date_gmt":"2023-01-16T15:45:34","guid":{"rendered":"https:\/\/enriquesorianocom.wordpress.com\/home\/"},"modified":"2024-11-16T12:54:09","modified_gmt":"2024-11-16T12:54:09","slug":"home","status":"publish","type":"page","link":"https:\/\/enriquesoriano.com\/","title":{"rendered":"Arquitecto en Barcelona"},"content":{"rendered":"\n<p class=\"has-text-align-center has-large-font-size\">\u00a1Bienvenido a mi p\u00e1gina web, lo que te voy a explicar te interesa!<\/p>\n\n\n\n<figure class=\"wp-block-image aligncenter size-full\"><img fetchpriority=\"high\" decoding=\"async\" width=\"2560\" height=\"1287\" src=\"https:\/\/enriquesoriano.com\/wp-content\/uploads\/2024\/11\/WEB-scaled.jpg\" alt=\"\" class=\"wp-image-1757\" style=\"object-fit:cover\" srcset=\"https:\/\/enriquesoriano.com\/wp-content\/uploads\/2024\/11\/WEB-scaled.jpg 2560w, https:\/\/enriquesoriano.com\/wp-content\/uploads\/2024\/11\/WEB-300x151.jpg 300w, https:\/\/enriquesoriano.com\/wp-content\/uploads\/2024\/11\/WEB-1024x515.jpg 1024w, https:\/\/enriquesoriano.com\/wp-content\/uploads\/2024\/11\/WEB-768x386.jpg 768w, https:\/\/enriquesoriano.com\/wp-content\/uploads\/2024\/11\/WEB-1536x772.jpg 1536w, https:\/\/enriquesoriano.com\/wp-content\/uploads\/2024\/11\/WEB-2048x1029.jpg 2048w\" sizes=\"(max-width: 2560px) 100vw, 2560px\" \/><\/figure>\n\n\n\n<p style=\"font-size:1.35rem\">Hola, soy Enrique Soriano, arquitecto, y estoy aqu\u00ed para ayudarte.<\/p>\n\n\n\n<p style=\"font-size:1.35rem\">Apasionado por el dise\u00f1o y la creaci\u00f3n de espacios innovadores y funcionales que satisfagan las necesidades de mis clientes.<\/p>\n\n\n\n<p style=\"font-size:1.35rem\">En mi p\u00e1gina web, encontrar\u00e1s informaci\u00f3n sobre los servicios que ofrezco, mi experiencia y mi enfoque de dise\u00f1o en vivienda. Tambi\u00e9n puedes ver una galer\u00eda de fotos de algunos de mis proyectos recientes para que puedas conocer mi trabajo en acci\u00f3n. Adem\u00e1s, si contactas conmigo recibir\u00e1s gratuitamente una gu\u00eda para ayudarte en tu proyecto.<\/p>\n\n\n\n<p style=\"font-size:1.35rem\">Mi objetivo es trabajar de cerca con mis clientes para entender sus necesidades y crear dise\u00f1os personalizados que reflejen su estilo y su visi\u00f3n. Mi enfoque en la sostenibilidad y la eficiencia energ\u00e9tica significa que mis dise\u00f1os son no solo est\u00e9ticamente atractivos, sino tambi\u00e9n respetuosos con el medio ambiente.<\/p>\n\n\n\n<p style=\"font-size:1.35rem\">No dudes en ponerte en contacto conmigo para discutir tus necesidades de dise\u00f1o y c\u00f3mo puedo ayudarte a crear el espacio perfecto para ti.<\/p>\n\n\n\n<figure class=\"wp-block-gallery has-nested-images columns-default is-cropped is-style-rectangular wp-block-gallery-1 is-layout-flex wp-block-gallery-is-layout-flex\">\n<figure class=\"wp-block-image size-large\"><img decoding=\"async\" width=\"1419\" height=\"636\" data-id=\"256\" src=\"https:\/\/enriquesorianocom.files.wordpress.com\/2023\/03\/3b-3c-e1-f1-027-1.jpg?w=1024\" alt=\"\" class=\"wp-image-256\" srcset=\"https:\/\/enriquesoriano.com\/wp-content\/uploads\/2023\/03\/3b-3c-e1-f1-027-1.jpg 1419w, https:\/\/enriquesoriano.com\/wp-content\/uploads\/2023\/03\/3b-3c-e1-f1-027-1-300x134.jpg 300w, https:\/\/enriquesoriano.com\/wp-content\/uploads\/2023\/03\/3b-3c-e1-f1-027-1-1024x459.jpg 1024w, https:\/\/enriquesoriano.com\/wp-content\/uploads\/2023\/03\/3b-3c-e1-f1-027-1-768x344.jpg 768w\" sizes=\"(max-width: 1419px) 100vw, 1419px\" \/><\/figure>\n\n\n\n<figure class=\"wp-block-image size-large\"><img decoding=\"async\" data-id=\"251\" src=\"https:\/\/enriquesorianocom.files.wordpress.com\/2023\/03\/3b-3c-e1-f1-009-byn.jpg?w=1024\" alt=\"\" class=\"wp-image-251\"\/><\/figure>\n\n\n\n<figure class=\"wp-block-image size-large\"><img decoding=\"async\" data-id=\"239\" src=\"https:\/\/enriquesorianocom.files.wordpress.com\/2023\/03\/stll_02.jpg?w=1024\" alt=\"\" class=\"wp-image-239\"\/><\/figure>\n\n\n\n<figure class=\"wp-block-image size-large\"><img decoding=\"async\" width=\"1000\" height=\"568\" data-id=\"1000\" src=\"https:\/\/enriquesorianocom.files.wordpress.com\/2023\/04\/ferran01.jpg?w=1000\" alt=\"\" class=\"wp-image-1000\" srcset=\"https:\/\/enriquesoriano.com\/wp-content\/uploads\/2023\/04\/ferran01.jpg 1000w, https:\/\/enriquesoriano.com\/wp-content\/uploads\/2023\/04\/ferran01-300x170.jpg 300w, https:\/\/enriquesoriano.com\/wp-content\/uploads\/2023\/04\/ferran01-768x436.jpg 768w\" sizes=\"(max-width: 1000px) 100vw, 1000px\" \/><\/figure>\n\n\n\n<figure class=\"wp-block-image size-large\"><img loading=\"lazy\" decoding=\"async\" width=\"2304\" height=\"1728\" data-id=\"819\" src=\"https:\/\/enriquesorianocom.files.wordpress.com\/2023\/04\/dsc03836_md.jpg?w=1024\" alt=\"\" class=\"wp-image-819\" srcset=\"https:\/\/enriquesoriano.com\/wp-content\/uploads\/2023\/04\/dsc03836_md.jpg 2304w, https:\/\/enriquesoriano.com\/wp-content\/uploads\/2023\/04\/dsc03836_md-300x225.jpg 300w, https:\/\/enriquesoriano.com\/wp-content\/uploads\/2023\/04\/dsc03836_md-1024x768.jpg 1024w, https:\/\/enriquesoriano.com\/wp-content\/uploads\/2023\/04\/dsc03836_md-768x576.jpg 768w, https:\/\/enriquesoriano.com\/wp-content\/uploads\/2023\/04\/dsc03836_md-1536x1152.jpg 1536w, https:\/\/enriquesoriano.com\/wp-content\/uploads\/2023\/04\/dsc03836_md-2048x1536.jpg 2048w\" sizes=\"(max-width: 2304px) 100vw, 2304px\" \/><\/figure>\n\n\n\n<figure class=\"wp-block-image size-large\"><img loading=\"lazy\" decoding=\"async\" width=\"2272\" height=\"1704\" data-id=\"769\" src=\"https:\/\/enriquesorianocom.files.wordpress.com\/2023\/04\/s45_0014.jpg?w=1024\" alt=\"\" class=\"wp-image-769\" srcset=\"https:\/\/enriquesoriano.com\/wp-content\/uploads\/2023\/04\/s45_0014.jpg 2272w, https:\/\/enriquesoriano.com\/wp-content\/uploads\/2023\/04\/s45_0014-300x225.jpg 300w, https:\/\/enriquesoriano.com\/wp-content\/uploads\/2023\/04\/s45_0014-1024x768.jpg 1024w, https:\/\/enriquesoriano.com\/wp-content\/uploads\/2023\/04\/s45_0014-768x576.jpg 768w, https:\/\/enriquesoriano.com\/wp-content\/uploads\/2023\/04\/s45_0014-1536x1152.jpg 1536w, https:\/\/enriquesoriano.com\/wp-content\/uploads\/2023\/04\/s45_0014-2048x1536.jpg 2048w\" sizes=\"(max-width: 2272px) 100vw, 2272px\" \/><\/figure>\n<\/figure>\n\n\n\n<p class=\"has-text-align-center has-text-color has-link-color wp-elements-87776a032e9136b7df4b311aec827757\" style=\"color:#436096;font-size:1.35rem\">Visita el apartado <a href=\"https:\/\/enriquesoriano.com\/?page_id=53\" data-type=\"link\" data-id=\"https:\/\/enriquesoriano.com\/?page_id=53\">Sobre M\u00ed<\/a> y encontrar\u00e1s un regalo.<\/p>\n\n\n\n<p class=\"has-text-align-center\" style=\"font-size:1.35rem\">\u00a1Gracias por visitar mi p\u00e1gina web!<\/p>\n\n\n\n<div class=\"wp-block-buttons is-content-justification-right is-layout-flex wp-container-core-buttons-is-layout-d445cf74 wp-block-buttons-is-layout-flex\">\n<div class=\"wp-block-button has-custom-font-size is-style-fill\" style=\"font-size:1.5rem\"><a class=\"wp-block-button__link has-background-background-color has-text-color has-background has-text-align-center wp-element-button\" href=\"http:\/\/enriquesoriano.com\" style=\"border-style:none;border-width:0px;border-radius:0px;color:#436096;padding-top:0rem;padding-right:0rem;padding-bottom:0rem;padding-left:0rem\"><strong>  \u25b2  <\/strong> <\/a><\/div>\n<\/div>\n\n\n\n<p><\/p>\n","protected":false},"excerpt":{"rendered":"<p>\u00a1Bienvenido a mi p\u00e1gina web, lo que te voy a explicar te interesa! Hola, soy Enrique Soriano, arquitecto, y estoy aqu\u00ed para ayudarte. Apasionado por el dise\u00f1o y la creaci\u00f3n de espacios innovadores y funcionales que satisfagan las necesidades de mis clientes. En mi p\u00e1gina web, encontrar\u00e1s informaci\u00f3n sobre los servicios que ofrezco, mi experiencia [&hellip;]<\/p>\n","protected":false},"author":2,"featured_media":0,"parent":0,"menu_order":0,"comment_status":"closed","ping_status":"closed","template":"page-large-header","meta":{"footnotes":""},"class_list":["post-6","page","type-page","status-publish","hentry"],"_links":{"self":[{"href":"https:\/\/enriquesoriano.com\/index.php?rest_route=\/wp\/v2\/pages\/6","targetHints":{"allow":["GET"]}}],"collection":[{"href":"https:\/\/enriquesoriano.com\/index.php?rest_route=\/wp\/v2\/pages"}],"about":[{"href":"https:\/\/enriquesoriano.com\/index.php?rest_route=\/wp\/v2\/types\/page"}],"author":[{"embeddable":true,"href":"https:\/\/enriquesoriano.com\/index.php?rest_route=\/wp\/v2\/users\/2"}],"replies":[{"embeddable":true,"href":"https:\/\/enriquesoriano.com\/index.php?rest_route=%2Fwp%2Fv2%2Fcomments&post=6"}],"version-history":[{"count":41,"href":"https:\/\/enriquesoriano.com\/index.php?rest_route=\/wp\/v2\/pages\/6\/revisions"}],"predecessor-version":[{"id":1767,"href":"https:\/\/enriquesoriano.com\/index.php?rest_route=\/wp\/v2\/pages\/6\/revisions\/1767"}],"wp:attachment":[{"href":"https:\/\/enriquesoriano.com\/index.php?rest_route=%2Fwp%2Fv2%2Fmedia&parent=6"}],"curies":[{"name":"wp","href":"https:\/\/api.w.org\/{rel}","templated":true}]}}